{"id":748,"date":"2024-10-25T19:28:35","date_gmt":"2024-10-25T17:28:35","guid":{"rendered":"https:\/\/serioloop.serioplast.com\/zero-rifiuti-in-discarica\/"},"modified":"2024-10-29T16:04:29","modified_gmt":"2024-10-29T15:04:29","slug":"zero-rifiuti-in-discarica","status":"publish","type":"page","link":"http:\/\/serioloop.serioplast.com\/it\/sostenibilita\/pianeta-old\/zero-rifiuti-in-discarica\/","title":{"rendered":"zero rifiuti in discarica"},"content":{"rendered":"<div class=\"wpb-content-wrapper\"><p>[vc_row][vc_column width=&#8221;1\/1&#8243;][uncode_breadcrumbs text_lead=&#8221;small&#8221;][\/vc_column][\/vc_row][vc_row][vc_column column_width_percent=&#8221;70&#8243; gutter_size=&#8221;3&#8243; overlay_alpha=&#8221;50&#8243; shift_x=&#8221;0&#8243; shift_y=&#8221;0&#8243; shift_y_down=&#8221;0&#8243; z_index=&#8221;0&#8243; medium_width=&#8221;0&#8243; mobile_width=&#8221;0&#8243; width=&#8221;1\/1&#8243; uncode_shortcode_id=&#8221;179827&#8243;][vc_single_image media=&#8221;229&#8243; media_width_percent=&#8221;100&#8243; uncode_shortcode_id=&#8221;579136&#8243;][vc_custom_heading text_color=&#8221;color-155372&#8243; heading_semantic=&#8221;h3&#8243; text_size=&#8221;h1&#8243; uncode_shortcode_id=&#8221;104721&#8243; text_color_type=&#8221;uncode-palette&#8221;]Zero rifiuti in discarica (ZWTL)[\/vc_custom_heading][vc_column_text uncode_shortcode_id=&#8221;161119&#8243;]ZWTL \u00e8 un obiettivo di Serioplast che mira a ridurre al minimo la quantit\u00e0 di rifiuti inviati in discarica dalle operazioni globali. L&#8217;obiettivo \u00e8 quello di promuovere il riciclo, il riutilizzo e il compostaggio come alternative allo smaltimento di tutti i rifiuti generati durante il processo industriale. <\/p>\n<p>L&#8217;obiettivo annuale di Serioplast \u00e8 quello di avviare a processi di recupero il 90% dei rifiuti operativi generati nei suoi stabilimenti globali. Attualmente solo il 10% viene inviato in discarica in alcuni paesi in cui Serioplast si trova a dover affrontare una mancanza di legislazione in materia.[\/vc_column_text][vc_empty_space empty_h=&#8221;2&#8243;][\/vc_column][\/vc_row]<\/p>\n<\/div>","protected":false},"excerpt":{"rendered":"<p>[vc_row][vc_column width=&#8221;1\/1&#8243;][uncode_breadcrumbs text_lead=&#8221;small&#8221;][\/vc_column][\/vc_row][vc_row][vc_column column_width_percent=&#8221;70&#8243; gutter_size=&#8221;3&#8243; overlay_alpha=&#8221;50&#8243; shift_x=&#8221;0&#8243; shift_y=&#8221;0&#8243; shift_y_down=&#8221;0&#8243; z_index=&#8221;0&#8243; medium_width=&#8221;0&#8243; mobile_width=&#8221;0&#8243; width=&#8221;1\/1&#8243; uncode_shortcode_id=&#8221;179827&#8243;][vc_single_image media=&#8221;229&#8243; media_width_percent=&#8221;100&#8243; uncode_shortcode_id=&#8221;579136&#8243;][vc_custom_heading text_color=&#8221;color-155372&#8243; heading_semantic=&#8221;h3&#8243; text_size=&#8221;h1&#8243; [&hellip;]<\/p>\n","protected":false},"author":1,"featured_media":0,"parent":753,"menu_order":0,"comment_status":"closed","ping_status":"closed","template":"","meta":{"footnotes":""},"class_list":["post-748","page","type-page","status-publish","hentry"],"_links":{"self":[{"href":"http:\/\/serioloop.serioplast.com\/it\/wp-json\/wp\/v2\/pages\/748","targetHints":{"allow":["GET"]}}],"collection":[{"href":"http:\/\/serioloop.serioplast.com\/it\/wp-json\/wp\/v2\/pages"}],"about":[{"href":"http:\/\/serioloop.serioplast.com\/it\/wp-json\/wp\/v2\/types\/page"}],"author":[{"embeddable":true,"href":"http:\/\/serioloop.serioplast.com\/it\/wp-json\/wp\/v2\/users\/1"}],"replies":[{"embeddable":true,"href":"http:\/\/serioloop.serioplast.com\/it\/wp-json\/wp\/v2\/comments?post=748"}],"version-history":[{"count":1,"href":"http:\/\/serioloop.serioplast.com\/it\/wp-json\/wp\/v2\/pages\/748\/revisions"}],"predecessor-version":[{"id":750,"href":"http:\/\/serioloop.serioplast.com\/it\/wp-json\/wp\/v2\/pages\/748\/revisions\/750"}],"up":[{"embeddable":true,"href":"http:\/\/serioloop.serioplast.com\/it\/wp-json\/wp\/v2\/pages\/753"}],"wp:attachment":[{"href":"http:\/\/serioloop.serioplast.com\/it\/wp-json\/wp\/v2\/media?parent=748"}],"curies":[{"name":"wp","href":"https:\/\/api.w.org\/{rel}","templated":true}]}}