{"id":740,"date":"2024-10-17T14:53:23","date_gmt":"2024-10-17T12:53:23","guid":{"rendered":"https:\/\/serioloop.serioplast.com\/pagina-di-esempio\/"},"modified":"2024-10-29T16:01:48","modified_gmt":"2024-10-29T15:01:48","slug":"pagina-di-esempio","status":"publish","type":"page","link":"https:\/\/serioloop.serioplast.com\/it\/pagina-di-esempio\/","title":{"rendered":"Pagina di esempio"},"content":{"rendered":"\n<p>Questa \u00e8 una pagina di esempio. Si differenzia da un articolo di un blog perch\u00e9 rimane sempre allo stesso posto e (in molti temi) appare nel menu di navigazione. Molte persone iniziano con una pagina di Informazioni che presentano ai visitatori del sito. Potrebbe apparire una presentazione del tipo:   <\/p>\n\n<blockquote class=\"wp-block-quote is-layout-flow wp-block-quote-is-layout-flow\"><p>Ciao! Sono un fattorino ciclista di giorno, aspirante attore di notte e questo \u00e8 il mio sito web. Vivo a Los Angeles, ho un grande bastone di nome Jack e mi piace la pi\u00f1a colada. (E prendere la pioggia)   <\/p><\/blockquote>\n\n<p>&#8230;o qualcosa di simile:<\/p>\n\n<blockquote class=\"wp-block-quote is-layout-flow wp-block-quote-is-layout-flow\"><p>La Societ\u00e0 XYZ Aggeggi \u00e8 stata fondata nel 1971 e da allora fornisce al pubblico aggeggi di ottima qualit\u00e0. Situata a Fantasilandia, XYZ impiega oltre 2.000 persone e realizza ogni tipo di aggeggio fantastico per la comunit\u00e0 di Fantasilandia. <\/p><\/blockquote>\n\n<p>Come nuovo utente di WordPress, dovresti andare nella tua <a href=\"http:\/\/serioloop.serioplast.com\/wp-admin\/\">Bacheca<\/a> per eliminare questa pagina, e creare delle nuove per i tuoi contenuti. Divertiti! <\/p>\n","protected":false},"excerpt":{"rendered":"<p>Questa \u00e8 una pagina di esempio. Si differenzia da un articolo di un blog perch\u00e9 rimane sempre allo stesso posto [&hellip;]<\/p>\n","protected":false},"author":1,"featured_media":0,"parent":0,"menu_order":0,"comment_status":"closed","ping_status":"open","template":"","meta":{"footnotes":""},"class_list":["post-740","page","type-page","status-publish","hentry"],"_links":{"self":[{"href":"https:\/\/serioloop.serioplast.com\/it\/wp-json\/wp\/v2\/pages\/740","targetHints":{"allow":["GET"]}}],"collection":[{"href":"https:\/\/serioloop.serioplast.com\/it\/wp-json\/wp\/v2\/pages"}],"about":[{"href":"https:\/\/serioloop.serioplast.com\/it\/wp-json\/wp\/v2\/types\/page"}],"author":[{"embeddable":true,"href":"https:\/\/serioloop.serioplast.com\/it\/wp-json\/wp\/v2\/users\/1"}],"replies":[{"embeddable":true,"href":"https:\/\/serioloop.serioplast.com\/it\/wp-json\/wp\/v2\/comments?post=740"}],"version-history":[{"count":1,"href":"https:\/\/serioloop.serioplast.com\/it\/wp-json\/wp\/v2\/pages\/740\/revisions"}],"predecessor-version":[{"id":743,"href":"https:\/\/serioloop.serioplast.com\/it\/wp-json\/wp\/v2\/pages\/740\/revisions\/743"}],"wp:attachment":[{"href":"https:\/\/serioloop.serioplast.com\/it\/wp-json\/wp\/v2\/media?parent=740"}],"curies":[{"name":"wp","href":"https:\/\/api.w.org\/{rel}","templated":true}]}}