{"id":744,"date":"2024-10-25T09:18:56","date_gmt":"2024-10-25T07:18:56","guid":{"rendered":"https:\/\/serioloop.serioplast.com\/sostenibilita\/"},"modified":"2025-07-28T11:56:16","modified_gmt":"2025-07-28T09:56:16","slug":"sostenibilita","status":"publish","type":"page","link":"https:\/\/serioloop.serioplast.com\/it\/sostenibilita\/","title":{"rendered":"Sostenibilit\u00e0"},"content":{"rendered":"<div class=\"wpb-content-wrapper\"><p>[vc_row unlock_row_content=&#8221;yes&#8221; row_height_percent=&#8221;0&#8243; override_padding=&#8221;yes&#8221; h_padding=&#8221;0&#8243; top_padding=&#8221;0&#8243; bottom_padding=&#8221;0&#8243; back_color=&#8221;color-155372&#8243; overlay_alpha=&#8221;50&#8243; equal_height=&#8221;yes&#8221; gutter_size=&#8221;0&#8243; column_width_percent=&#8221;100&#8243; shift_y=&#8221;0&#8243; z_index=&#8221;0&#8243; content_parallax=&#8221;0&#8243; uncode_shortcode_id=&#8221;198295&#8243; back_color_type=&#8221;uncode-palette&#8221;][vc_column column_width_use_pixel=&#8221;yes&#8221; gutter_size=&#8221;3&#8243; override_padding=&#8221;yes&#8221; column_padding=&#8221;5&#8243; style=&#8221;dark&#8221; back_color=&#8221;color-639963&#8243; overlay_alpha=&#8221;50&#8243; shift_x=&#8221;0&#8243; shift_y=&#8221;0&#8243; shift_y_down=&#8221;0&#8243; z_index=&#8221;0&#8243; medium_width=&#8221;0&#8243; mobile_width=&#8221;0&#8243; width=&#8221;1\/2&#8243; column_width_pixel=&#8221;528&#8243; uncode_shortcode_id=&#8221;140309&#8243; back_color_type=&#8221;uncode-palette&#8221;][vc_custom_heading text_color=&#8221;color-401655&#8243; text_size=&#8221;h1&#8243; uncode_shortcode_id=&#8221;986012&#8243; text_color_type=&#8221;uncode-palette&#8221;]L&#8217;impegno di Serioplast per la sostenibilit\u00e0[\/vc_custom_heading][vc_column_text text_lead=&#8221;yes&#8221; text_color=&#8221;color-401655&#8243; uncode_shortcode_id=&#8221;612821&#8243; text_color_type=&#8221;uncode-palette&#8221;]In qualit\u00e0 di trasformatori di materie plastiche, riconosciamo la nostra responsabilit\u00e0 nei confronti della sostenibilit\u00e0 e lavoriamo attivamente per fare la nostra parte, dando forma alla plastica per il bene. Il nostro impegno per la sostenibilit\u00e0 si riflette nel nostro approccio responsabile, che fissa obiettivi chiave in tre aree principali, allineati con gli obiettivi e le aspettative dei nostri stakeholder strategici: Futuro, Pianeta e Persone.[\/vc_column_text][uncode_list icon=&#8221;fa fa-arrow-circle-down&#8221; icon_color=&#8221;color-401655&#8243; uncode_shortcode_id=&#8221;175642&#8243; icon_color_type=&#8221;uncode-palette&#8221;]<\/p>\n<ul>\n<li><strong><span style=\"color: #203320;\"><a style=\"color: #203320;\" href=\"http:\/\/serioloop.serioplast.com\/wp-content\/uploads\/2024\/12\/Serioplast-Sustainability-Profile-2023.pdf\">PROFILO DI SOSTENIBILIT\u00c0 2023<\/a><\/span><\/strong><\/li>\n<li><strong><span style=\"color: #203320;\"><a style=\"color: #203320;\" href=\"http:\/\/serioloop.serioplast.com\/wp-content\/uploads\/2024\/10\/Sustainability-Statement_final_newLogo_signed.pdf\">DICHIARAZIONE DI SOSTENIBILIT\u00c0<\/a><\/span><\/strong><\/li>\n<li><strong><span style=\"color: #203320;\"><a style=\"color: #203320;\" href=\"http:\/\/serioloop.serioplast.com\/wp-content\/uploads\/2024\/11\/SERIOPLAST-HEALTH-AND-SAFETY-POLICY.pdf\">POLITICA PER LA SALUTE E LA SICUREZZA SUL LAVORO<\/a><\/span><\/strong><\/li>\n<li><strong><span style=\"color: #203320;\"><a style=\"color: #203320;\" href=\"http:\/\/serioloop.serioplast.com\/wp-content\/uploads\/2024\/11\/SERIOPLAST-ENVIRONMENTAL-POLICY.pdf\">POLITICA AMBIENTALE<\/a><\/span><\/strong><\/li>\n<\/ul>\n<p>[\/uncode_list][\/vc_column][vc_column column_width_percent=&#8221;100&#8243; gutter_size=&#8221;3&#8243; back_image=&#8221;550&#8243; overlay_alpha=&#8221;50&#8243; shift_x=&#8221;0&#8243; shift_y=&#8221;0&#8243; shift_y_down=&#8221;0&#8243; z_index=&#8221;0&#8243; medium_width=&#8221;0&#8243; mobile_width=&#8221;0&#8243; width=&#8221;1\/2&#8243; mobile_height=&#8221;340&#8243; uncode_shortcode_id=&#8221;176550&#8243;][\/vc_column][\/vc_row][vc_row row_height_percent=&#8221;0&#8243; back_color=&#8221;color-175593&#8243; overlay_alpha=&#8221;50&#8243; gutter_size=&#8221;3&#8243; column_width_percent=&#8221;100&#8243; shift_y=&#8221;0&#8243; z_index=&#8221;0&#8243; content_parallax=&#8221;0&#8243; uncode_shortcode_id=&#8221;863037&#8243; back_color_type=&#8221;uncode-palette&#8221;][vc_column column_width_percent=&#8221;100&#8243; position_vertical=&#8221;middle&#8221; align_horizontal=&#8221;align_center&#8221; gutter_size=&#8221;3&#8243; overlay_alpha=&#8221;50&#8243; shift_x=&#8221;0&#8243; shift_y=&#8221;0&#8243; shift_y_down=&#8221;0&#8243; z_index=&#8221;0&#8243; medium_width=&#8221;0&#8243; mobile_width=&#8221;0&#8243; width=&#8221;1\/1&#8243; uncode_shortcode_id=&#8221;119999&#8243;][vc_empty_space empty_h=&#8221;2&#8243;][vc_custom_heading text_color=&#8221;color-155372&#8243; text_size=&#8221;h1&#8243; uncode_shortcode_id=&#8221;129485&#8243; text_color_type=&#8221;uncode-palette&#8221;]Aree principali, allineate con gli obiettivi e le aspettative dei nostri stakeholder strategici[\/vc_custom_heading][vc_row_inner row_inner_height_percent=&#8221;0&#8243; overlay_alpha=&#8221;50&#8243; equal_height=&#8221;yes&#8221; gutter_size=&#8221;5&#8243; shift_y=&#8221;0&#8243; z_index=&#8221;0&#8243; uncode_shortcode_id=&#8221;174422&#8243; limit_content=&#8221;&#8221;][vc_column_inner column_width_percent=&#8221;100&#8243; position_vertical=&#8221;bottom&#8221; align_horizontal=&#8221;align_center&#8221; gutter_size=&#8221;3&#8243; back_color=&#8221;color-xsdn&#8221; overlay_alpha=&#8221;50&#8243; radius=&#8221;hg&#8221; shift_x=&#8221;0&#8243; shift_y=&#8221;0&#8243; shift_y_down=&#8221;0&#8243; z_index=&#8221;0&#8243; medium_width=&#8221;0&#8243; mobile_width=&#8221;0&#8243; width=&#8221;1\/3&#8243; uncode_shortcode_id=&#8221;316540&#8243; back_color_type=&#8221;uncode-palette&#8221; link_to=&#8221;url:https%3A%2F%2Fserioloop.serioplast.com%2Fit%2Fil-futuro%2F|title:Future&#8221;][vc_single_image media=&#8221;39&#8243; media_width_percent=&#8221;60&#8243; alignment=&#8221;center&#8221; uncode_shortcode_id=&#8221;204827&#8243;][vc_custom_heading text_color=&#8221;accent&#8221; text_size=&#8221;h4&#8243; uncode_shortcode_id=&#8221;128524&#8243; text_color_type=&#8221;uncode-palette&#8221;]Futuro[\/vc_custom_heading][\/vc_column_inner][vc_column_inner column_width_percent=&#8221;100&#8243; position_vertical=&#8221;bottom&#8221; align_horizontal=&#8221;align_center&#8221; gutter_size=&#8221;3&#8243; back_color=&#8221;color-xsdn&#8221; overlay_alpha=&#8221;50&#8243; radius=&#8221;hg&#8221; shift_x=&#8221;0&#8243; shift_y=&#8221;0&#8243; shift_y_down=&#8221;0&#8243; z_index=&#8221;0&#8243; medium_width=&#8221;0&#8243; mobile_width=&#8221;0&#8243; width=&#8221;1\/3&#8243; uncode_shortcode_id=&#8221;940962&#8243; back_color_type=&#8221;uncode-palette&#8221; link_to=&#8221;url:https%3A%2F%2Fserioloop.serioplast.com%2Fit%2Fsostenibilita%2Fpianeta%2F|title:Planet&#8221;][vc_single_image media=&#8221;44&#8243; media_width_percent=&#8221;80&#8243; alignment=&#8221;center&#8221; uncode_shortcode_id=&#8221;745886&#8243;][vc_custom_heading text_color=&#8221;accent&#8221; text_size=&#8221;h4&#8243; uncode_shortcode_id=&#8221;559467&#8243; text_color_type=&#8221;uncode-palette&#8221;]Pianeta[\/vc_custom_heading][\/vc_column_inner][vc_column_inner column_width_percent=&#8221;100&#8243; position_vertical=&#8221;bottom&#8221; align_horizontal=&#8221;align_center&#8221; gutter_size=&#8221;3&#8243; back_color=&#8221;color-xsdn&#8221; overlay_alpha=&#8221;50&#8243; radius=&#8221;hg&#8221; shift_x=&#8221;0&#8243; shift_y=&#8221;0&#8243; shift_y_down=&#8221;0&#8243; z_index=&#8221;0&#8243; medium_width=&#8221;0&#8243; mobile_width=&#8221;0&#8243; width=&#8221;1\/3&#8243; uncode_shortcode_id=&#8221;815339&#8243; back_color_type=&#8221;uncode-palette&#8221; link_to=&#8221;url:https%3A%2F%2Fserioloop.serioplast.com%2Fit%2Fpersone-2%2F|title:People&#8221;][vc_single_image media=&#8221;45&#8243; media_width_percent=&#8221;77&#8243; alignment=&#8221;center&#8221; uncode_shortcode_id=&#8221;207066&#8243;][vc_custom_heading text_color=&#8221;accent&#8221; text_size=&#8221;h4&#8243; uncode_shortcode_id=&#8221;152651&#8243; text_color_type=&#8221;uncode-palette&#8221;]Persone[\/vc_custom_heading][\/vc_column_inner][\/vc_row_inner][vc_empty_space][\/vc_column][\/vc_row]<\/p>\n<\/div>","protected":false},"excerpt":{"rendered":"<p>[vc_row unlock_row_content=&#8221;yes&#8221; row_height_percent=&#8221;0&#8243; override_padding=&#8221;yes&#8221; h_padding=&#8221;0&#8243; top_padding=&#8221;0&#8243; bottom_padding=&#8221;0&#8243; back_color=&#8221;color-155372&#8243; overlay_alpha=&#8221;50&#8243; equal_height=&#8221;yes&#8221; gutter_size=&#8221;0&#8243; column_width_percent=&#8221;100&#8243; shift_y=&#8221;0&#8243; z_index=&#8221;0&#8243; content_parallax=&#8221;0&#8243; uncode_shortcode_id=&#8221;198295&#8243; back_color_type=&#8221;uncode-palette&#8221;][vc_column column_width_use_pixel=&#8221;yes&#8221; gutter_size=&#8221;3&#8243; override_padding=&#8221;yes&#8221; [&hellip;]<\/p>\n","protected":false},"author":1,"featured_media":0,"parent":0,"menu_order":0,"comment_status":"closed","ping_status":"closed","template":"","meta":{"footnotes":""},"class_list":["post-744","page","type-page","status-publish","hentry"],"_links":{"self":[{"href":"https:\/\/serioloop.serioplast.com\/it\/wp-json\/wp\/v2\/pages\/744","targetHints":{"allow":["GET"]}}],"collection":[{"href":"https:\/\/serioloop.serioplast.com\/it\/wp-json\/wp\/v2\/pages"}],"about":[{"href":"https:\/\/serioloop.serioplast.com\/it\/wp-json\/wp\/v2\/types\/page"}],"author":[{"embeddable":true,"href":"https:\/\/serioloop.serioplast.com\/it\/wp-json\/wp\/v2\/users\/1"}],"replies":[{"embeddable":true,"href":"https:\/\/serioloop.serioplast.com\/it\/wp-json\/wp\/v2\/comments?post=744"}],"version-history":[{"count":9,"href":"https:\/\/serioloop.serioplast.com\/it\/wp-json\/wp\/v2\/pages\/744\/revisions"}],"predecessor-version":[{"id":1115,"href":"https:\/\/serioloop.serioplast.com\/it\/wp-json\/wp\/v2\/pages\/744\/revisions\/1115"}],"wp:attachment":[{"href":"https:\/\/serioloop.serioplast.com\/it\/wp-json\/wp\/v2\/media?parent=744"}],"curies":[{"name":"wp","href":"https:\/\/api.w.org\/{rel}","templated":true}]}}