{"id":813,"date":"2024-10-25T15:15:04","date_gmt":"2024-10-25T13:15:04","guid":{"rendered":"https:\/\/serioloop.serioplast.com\/persone-2\/"},"modified":"2024-10-29T16:05:04","modified_gmt":"2024-10-29T15:05:04","slug":"persone-2","status":"publish","type":"page","link":"https:\/\/serioloop.serioplast.com\/it\/persone-2\/","title":{"rendered":"Persone"},"content":{"rendered":"<div class=\"wpb-content-wrapper\"><p>[vc_row unlock_row_content=&#8221;yes&#8221; row_height_percent=&#8221;0&#8243; override_padding=&#8221;yes&#8221; h_padding=&#8221;0&#8243; top_padding=&#8221;0&#8243; bottom_padding=&#8221;0&#8243; overlay_alpha=&#8221;50&#8243; equal_height=&#8221;yes&#8221; gutter_size=&#8221;0&#8243; column_width_percent=&#8221;100&#8243; shift_y=&#8221;0&#8243; z_index=&#8221;0&#8243;][vc_column column_width_percent=&#8221;100&#8243; position_vertical=&#8221;middle&#8221; align_horizontal=&#8221;align_center&#8221; gutter_size=&#8221;3&#8243; back_image=&#8221;173&#8243; overlay_color=&#8221;color-jevc&#8221; overlay_alpha=&#8221;50&#8243; shift_x=&#8221;0&#8243; shift_y=&#8221;0&#8243; shift_y_down=&#8221;0&#8243; z_index=&#8221;0&#8243; medium_width=&#8221;0&#8243; mobile_width=&#8221;0&#8243; width=&#8221;1\/2&#8243; mobile_height=&#8221;340&#8243; uncode_shortcode_id=&#8221;192806&#8243; overlay_color_type=&#8221;uncode-palette&#8221;][vc_single_image media=&#8221;176&#8243; media_width_use_pixel=&#8221;yes&#8221; alignment=&#8221;center&#8221; css_animation=&#8221;zoom-in&#8221; uncode_shortcode_id=&#8221;510424&#8243; media_width_pixel=&#8221;250&#8243;][\/vc_column][vc_column column_width_use_pixel=&#8221;yes&#8221; gutter_size=&#8221;3&#8243; override_padding=&#8221;yes&#8221; column_padding=&#8221;5&#8243; style=&#8221;dark&#8221; back_color=&#8221;color-639963&#8243; overlay_alpha=&#8221;50&#8243; shift_x=&#8221;0&#8243; shift_y=&#8221;0&#8243; shift_y_down=&#8221;0&#8243; z_index=&#8221;0&#8243; medium_width=&#8221;0&#8243; mobile_width=&#8221;0&#8243; width=&#8221;1\/2&#8243; column_width_pixel=&#8221;528&#8243; uncode_shortcode_id=&#8221;237232&#8243; back_color_type=&#8221;uncode-palette&#8221;][vc_custom_heading text_color=&#8221;color-401655&#8243; text_size=&#8221;h1&#8243; uncode_shortcode_id=&#8221;291304&#8243; text_color_type=&#8221;uncode-palette&#8221;]Il nostro impegno per il benessere e la crescita.[\/vc_custom_heading][vc_column_text text_lead=&#8221;yes&#8221; text_color=&#8221;color-401655&#8243; uncode_shortcode_id=&#8221;200993&#8243; text_color_type=&#8221;uncode-palette&#8221;]Siamo consapevoli della nostra responsabilit\u00e0 nei confronti dei nostri collaboratori e delle loro famiglie e del nostro impatto sulla societ\u00e0 in generale in tutti i paesi in cui operiamo. La nostra azienda \u00e8 guidata dal Manifesto Serioplast, che enuncia i principi di pari opportunit\u00e0, ambiente di lavoro sano e sicuro, integrit\u00e0, trasparenza e correttezza.[\/vc_column_text][vc_empty_space empty_h=&#8221;1&#8243;][vc_gallery el_id=&#8221;gallery-100097&#8243; type=&#8221;css_grid&#8221; medias=&#8221;177,154,181,178,179&#8243; screen_lg_items=&#8221;3&#8243; screen_lg_breakpoint=&#8221;1000&#8243; screen_md_items=&#8221;3&#8243; screen_md_breakpoint=&#8221;600&#8243; screen_sm_items=&#8221;2&#8243; screen_sm_breakpoint=&#8221;480&#8243; gutter_size=&#8221;2&#8243; media_items=&#8221;media|lightbox|original&#8221; single_overlay_opacity=&#8221;50&#8243; single_padding=&#8221;2&#8243; single_border=&#8221;yes&#8221; uncode_shortcode_id=&#8221;166939&#8243; items=&#8221;eyIxNDhfaSI6eyJzaW5nbGVfdGV4dCI6Im92ZXJsYXkifX0=&#8221;][\/vc_column][\/vc_row][vc_row row_height_percent=&#8221;0&#8243; back_color=&#8221;color-175593&#8243; overlay_alpha=&#8221;50&#8243; gutter_size=&#8221;3&#8243; column_width_percent=&#8221;100&#8243; shift_y=&#8221;0&#8243; z_index=&#8221;0&#8243; content_parallax=&#8221;0&#8243; uncode_shortcode_id=&#8221;181137&#8243; back_color_type=&#8221;uncode-palette&#8221;][vc_column column_width_percent=&#8221;100&#8243; align_horizontal=&#8221;align_center&#8221; gutter_size=&#8221;3&#8243; overlay_alpha=&#8221;50&#8243; shift_x=&#8221;0&#8243; shift_y=&#8221;0&#8243; shift_y_down=&#8221;0&#8243; z_index=&#8221;0&#8243; medium_width=&#8221;0&#8243; mobile_width=&#8221;0&#8243; width=&#8221;1\/4&#8243; uncode_shortcode_id=&#8221;329234&#8243;][vc_empty_space empty_h=&#8221;2&#8243;][vc_single_image media=&#8221;192&#8243; media_width_use_pixel=&#8221;yes&#8221; alignment=&#8221;center&#8221; uncode_shortcode_id=&#8221;143058&#8243; media_width_pixel=&#8221;100&#8243;][\/vc_column][vc_column width=&#8221;3\/4&#8243;][vc_empty_space empty_h=&#8221;2&#8243;][vc_column_text uncode_shortcode_id=&#8221;168595&#8243;]<\/p>\n<h3>Salute e sicurezza<\/h3>\n<p>ISO 45001 e ISO 14001 sono standard riconosciuti a livello internazionale che forniscono un quadro di riferimento per la salute e la sicurezza sul lavoro (OHS) e la gestione ambientale, rispettivamente. Il percorso di Serioplast in materia di HSE \u00e8 rappresentato dal Sistema di Gestione SerioSafE che implementa i principi degli standard ISO negli stabilimenti Serioplast globali. Grazie al Sistema SerioSafE, un efficace sistema di gestione HSE garantisce che l&#8217;organizzazione gestisca in modo proattivo i rischi per la salute, la sicurezza e l&#8217;ambiente. SerioSafE fornisce un quadro strutturato per l&#8217;identificazione, la valutazione e il controllo dei pericoli, la prevenzione di incidenti e infortuni e la protezione dell&#8217;ambiente.[\/vc_column_text][\/vc_column][\/vc_row][vc_row row_height_percent=&#8221;0&#8243; back_color=&#8221;color-175593&#8243; overlay_alpha=&#8221;50&#8243; gutter_size=&#8221;3&#8243; column_width_percent=&#8221;100&#8243; shift_y=&#8221;0&#8243; z_index=&#8221;0&#8243; content_parallax=&#8221;0&#8243; uncode_shortcode_id=&#8221;181137&#8243; back_color_type=&#8221;uncode-palette&#8221;][vc_column column_width_percent=&#8221;100&#8243; align_horizontal=&#8221;align_center&#8221; gutter_size=&#8221;3&#8243; overlay_alpha=&#8221;50&#8243; shift_x=&#8221;0&#8243; shift_y=&#8221;0&#8243; shift_y_down=&#8221;0&#8243; z_index=&#8221;0&#8243; medium_width=&#8221;0&#8243; mobile_width=&#8221;0&#8243; width=&#8221;1\/4&#8243; uncode_shortcode_id=&#8221;329234&#8243;][vc_single_image media=&#8221;194&#8243; media_width_use_pixel=&#8221;yes&#8221; alignment=&#8221;center&#8221; uncode_shortcode_id=&#8221;185082&#8243; media_width_pixel=&#8221;150&#8243;][\/vc_column][vc_column width=&#8221;3\/4&#8243;][vc_column_text uncode_shortcode_id=&#8221;171982&#8243;]<\/p>\n<h3>La scuola di Serioplast<\/h3>\n<p>Dal 2012 \u00e8 stata istituita la Scuola Tecnica Serioplast, che ha raccolto l&#8217;eredit\u00e0 di Serioplast Professional, composta da persone che fanno della formazione la loro missione. Serioplast ritiene che la condivisione interna del know-how tecnico sia essenziale per il miglioramento continuo della propria attivit\u00e0.[\/vc_column_text][\/vc_column][\/vc_row][vc_row row_height_percent=&#8221;0&#8243; back_color=&#8221;color-175593&#8243; overlay_alpha=&#8221;50&#8243; gutter_size=&#8221;3&#8243; column_width_percent=&#8221;100&#8243; shift_y=&#8221;0&#8243; z_index=&#8221;0&#8243; content_parallax=&#8221;0&#8243; uncode_shortcode_id=&#8221;181137&#8243; back_color_type=&#8221;uncode-palette&#8221;][vc_column column_width_percent=&#8221;100&#8243; align_horizontal=&#8221;align_center&#8221; gutter_size=&#8221;3&#8243; overlay_alpha=&#8221;50&#8243; shift_x=&#8221;0&#8243; shift_y=&#8221;0&#8243; shift_y_down=&#8221;0&#8243; z_index=&#8221;0&#8243; medium_width=&#8221;0&#8243; mobile_width=&#8221;0&#8243; width=&#8221;1\/4&#8243; uncode_shortcode_id=&#8221;329234&#8243;][vc_single_image media=&#8221;193&#8243; media_width_use_pixel=&#8221;yes&#8221; alignment=&#8221;center&#8221; uncode_shortcode_id=&#8221;197051&#8243; media_width_pixel=&#8221;130&#8243;][vc_empty_space empty_h=&#8221;2&#8243;][\/vc_column][vc_column width=&#8221;3\/4&#8243;][vc_column_text uncode_shortcode_id=&#8221;136168&#8243;]<\/p>\n<h3>Viaggio nel salario equo<\/h3>\n<p>Serioplast si impegna a garantire che tutti i dipendenti ricevano una retribuzione giusta ed equa, in grado di sostenere un tenore di vita dignitoso. Crediamo che una retribuzione equa sia essenziale per creare un ambiente di lavoro positivo e produttivo.[\/vc_column_text][vc_empty_space empty_h=&#8221;2&#8243;][\/vc_column][\/vc_row]<\/p>\n<\/div>","protected":false},"excerpt":{"rendered":"<p>[vc_row unlock_row_content=&#8221;yes&#8221; row_height_percent=&#8221;0&#8243; override_padding=&#8221;yes&#8221; h_padding=&#8221;0&#8243; top_padding=&#8221;0&#8243; bottom_padding=&#8221;0&#8243; overlay_alpha=&#8221;50&#8243; equal_height=&#8221;yes&#8221; gutter_size=&#8221;0&#8243; column_width_percent=&#8221;100&#8243; shift_y=&#8221;0&#8243; z_index=&#8221;0&#8243;][vc_column column_width_percent=&#8221;100&#8243; position_vertical=&#8221;middle&#8221; align_horizontal=&#8221;align_center&#8221; gutter_size=&#8221;3&#8243; back_image=&#8221;173&#8243; overlay_color=&#8221;color-jevc&#8221; overlay_alpha=&#8221;50&#8243; [&hellip;]<\/p>\n","protected":false},"author":1,"featured_media":0,"parent":0,"menu_order":0,"comment_status":"closed","ping_status":"closed","template":"","meta":{"footnotes":""},"class_list":["post-813","page","type-page","status-publish","hentry"],"_links":{"self":[{"href":"https:\/\/serioloop.serioplast.com\/it\/wp-json\/wp\/v2\/pages\/813","targetHints":{"allow":["GET"]}}],"collection":[{"href":"https:\/\/serioloop.serioplast.com\/it\/wp-json\/wp\/v2\/pages"}],"about":[{"href":"https:\/\/serioloop.serioplast.com\/it\/wp-json\/wp\/v2\/types\/page"}],"author":[{"embeddable":true,"href":"https:\/\/serioloop.serioplast.com\/it\/wp-json\/wp\/v2\/users\/1"}],"replies":[{"embeddable":true,"href":"https:\/\/serioloop.serioplast.com\/it\/wp-json\/wp\/v2\/comments?post=813"}],"version-history":[{"count":1,"href":"https:\/\/serioloop.serioplast.com\/it\/wp-json\/wp\/v2\/pages\/813\/revisions"}],"predecessor-version":[{"id":815,"href":"https:\/\/serioloop.serioplast.com\/it\/wp-json\/wp\/v2\/pages\/813\/revisions\/815"}],"wp:attachment":[{"href":"https:\/\/serioloop.serioplast.com\/it\/wp-json\/wp\/v2\/media?parent=813"}],"curies":[{"name":"wp","href":"https:\/\/api.w.org\/{rel}","templated":true}]}}