{"id":824,"date":"2024-10-24T14:47:07","date_gmt":"2024-10-24T12:47:07","guid":{"rendered":"https:\/\/serioloop.serioplast.com\/casa-2\/"},"modified":"2024-10-29T16:05:16","modified_gmt":"2024-10-29T15:05:16","slug":"casa-2","status":"publish","type":"page","link":"https:\/\/serioloop.serioplast.com\/it\/casa-2\/","title":{"rendered":"Casa"},"content":{"rendered":"<div class=\"wpb-content-wrapper\"><p>[vc_row row_height_percent=&#8221;0&#8243; back_color=&#8221;color-401655&#8243; overlay_alpha=&#8221;50&#8243; gutter_size=&#8221;4&#8243; column_width_percent=&#8221;100&#8243; shift_y=&#8221;0&#8243; z_index=&#8221;0&#8243; content_parallax=&#8221;0&#8243; el_class=&#8221;inverted-device-order&#8221; uncode_shortcode_id=&#8221;204756&#8243; back_color_type=&#8221;uncode-palette&#8221;][vc_column column_width_percent=&#8221;100&#8243; position_horizontal=&#8221;left&#8221; position_vertical=&#8221;middle&#8221; gutter_size=&#8221;3&#8243; style=&#8221;dark&#8221; overlay_alpha=&#8221;50&#8243; shift_x=&#8221;0&#8243; shift_y=&#8221;0&#8243; shift_y_down=&#8221;0&#8243; z_index=&#8221;0&#8243; medium_width=&#8221;4&#8243; mobile_width=&#8221;0&#8243; width=&#8221;1\/2&#8243;][vc_custom_heading heading_semantic=&#8221;h3&#8243; text_size=&#8221;h1&#8243; sub_lead=&#8221;yes&#8221; subheading=&#8221;In qualit\u00e0 di trasformatori di materie plastiche, riconosciamo la nostra responsabilit\u00e0 nei confronti della sostenibilit\u00e0 e lavoriamo attivamente per fare la nostra parte, dando forma alla plastica per il bene. Il nostro impegno per la sostenibilit\u00e0 si riflette nel nostro approccio responsabile, che fissa obiettivi chiave in tre aree principali, allineate con gli obiettivi e le aspettative dei nostri stakeholder strategici: futuro, pianeta e persone.   &#8221; uncode_shortcode_id=&#8221;182390&#8243;]Innovazione e sostenibilit\u00e0 nel riciclo della plastica[\/vc_custom_heading][\/vc_column][vc_column column_width_percent=&#8221;100&#8243; gutter_size=&#8221;3&#8243; overlay_alpha=&#8221;50&#8243; shift_x=&#8221;0&#8243; shift_y=&#8221;0&#8243; shift_y_down=&#8221;0&#8243; z_index=&#8221;0&#8243; medium_width=&#8221;4&#8243; mobile_width=&#8221;0&#8243; width=&#8221;1\/2&#8243; el_class=&#8221;inverted-device-order&#8221;][vc_single_image media=&#8221;119&#8243; media_width_percent=&#8221;67&#8243; media_ratio=&#8221;one-one&#8221; alignment=&#8221;right&#8221; css_animation=&#8221;zoom-in&#8221; uncode_shortcode_id=&#8221;205704&#8243;][\/vc_column][\/vc_row][vc_row row_height_percent=&#8221;0&#8243; back_color=&#8221;color-639963&#8243; overlay_alpha=&#8221;50&#8243; gutter_size=&#8221;3&#8243; column_width_percent=&#8221;100&#8243; shift_y=&#8221;0&#8243; z_index=&#8221;0&#8243; content_parallax=&#8221;0&#8243; uncode_shortcode_id=&#8221;192648&#8243; back_color_type=&#8221;uncode-palette&#8221;][vc_column column_width_percent=&#8221;100&#8243; position_vertical=&#8221;middle&#8221; align_horizontal=&#8221;align_center&#8221; gutter_size=&#8221;3&#8243; overlay_alpha=&#8221;50&#8243; shift_x=&#8221;0&#8243; shift_y=&#8221;0&#8243; shift_y_down=&#8221;0&#8243; z_index=&#8221;0&#8243; medium_width=&#8221;0&#8243; mobile_width=&#8221;0&#8243; width=&#8221;1\/1&#8243; uncode_shortcode_id=&#8221;119999&#8243;][vc_empty_space empty_h=&#8221;2&#8243;][vc_custom_heading text_size=&#8221;h1&#8243; uncode_shortcode_id=&#8221;205865&#8243;]Aree principali, allineate con gli obiettivi e le aspettative dei nostri stakeholder strategici<br \/>[\/vc_custom_heading][vc_row_inner row_inner_height_percent=&#8221;0&#8243; overlay_alpha=&#8221;50&#8243; equal_height=&#8221;yes&#8221; gutter_size=&#8221;5&#8243; shift_y=&#8221;0&#8243; z_index=&#8221;0&#8243; uncode_shortcode_id=&#8221;174422&#8243; limit_content=&#8221;&#8221;][vc_column_inner column_width_percent=&#8221;100&#8243; position_vertical=&#8221;bottom&#8221; align_horizontal=&#8221;align_center&#8221; gutter_size=&#8221;3&#8243; back_color=&#8221;color-xsdn&#8221; overlay_alpha=&#8221;50&#8243; radius=&#8221;hg&#8221; shift_x=&#8221;0&#8243; shift_y=&#8221;0&#8243; shift_y_down=&#8221;0&#8243; z_index=&#8221;0&#8243; medium_width=&#8221;0&#8243; mobile_width=&#8221;0&#8243; width=&#8221;1\/3&#8243; uncode_shortcode_id=&#8221;144247&#8243; back_color_type=&#8221;uncode-palette&#8221; link_to=&#8221;url:http%3A%2F%2Fserioloop.serioplast.com%2Ffuture%2F|title:Future&#8221;][vc_single_image media=&#8221;39&#8243; media_width_percent=&#8221;60&#8243; alignment=&#8221;center&#8221; css_animation=&#8221;zoom-in&#8221; uncode_shortcode_id=&#8221;545146&#8243;][vc_custom_heading text_color=&#8221;accent&#8221; text_size=&#8221;h4&#8243; uncode_shortcode_id=&#8221;131056&#8243; text_color_type=&#8221;uncode-palette&#8221;]Il futuro[\/vc_custom_heading][\/vc_column_inner][vc_column_inner column_width_percent=&#8221;100&#8243; position_vertical=&#8221;bottom&#8221; align_horizontal=&#8221;align_center&#8221; gutter_size=&#8221;3&#8243; back_color=&#8221;color-xsdn&#8221; overlay_alpha=&#8221;50&#8243; radius=&#8221;hg&#8221; shift_x=&#8221;0&#8243; shift_y=&#8221;0&#8243; shift_y_down=&#8221;0&#8243; z_index=&#8221;0&#8243; medium_width=&#8221;0&#8243; mobile_width=&#8221;0&#8243; width=&#8221;1\/3&#8243; uncode_shortcode_id=&#8221;111866&#8243; back_color_type=&#8221;uncode-palette&#8221; link_to=&#8221;url:http%3A%2F%2Fserioloop.serioplast.com%2Fsustainability%2Fplanet%2F|title:Planet&#8221;][vc_single_image media=&#8221;44&#8243; media_width_percent=&#8221;80&#8243; alignment=&#8221;center&#8221; css_animation=&#8221;zoom-in&#8221; animation_delay=&#8221;200&#8243; uncode_shortcode_id=&#8221;103383&#8243;][vc_custom_heading text_color=&#8221;accent&#8221; text_size=&#8221;h4&#8243; uncode_shortcode_id=&#8221;559467&#8243; text_color_type=&#8221;uncode-palette&#8221;]Pianeta[\/vc_custom_heading][\/vc_column_inner][vc_column_inner column_width_percent=&#8221;100&#8243; position_vertical=&#8221;bottom&#8221; align_horizontal=&#8221;align_center&#8221; gutter_size=&#8221;3&#8243; back_color=&#8221;color-xsdn&#8221; overlay_alpha=&#8221;50&#8243; radius=&#8221;hg&#8221; shift_x=&#8221;0&#8243; shift_y=&#8221;0&#8243; shift_y_down=&#8221;0&#8243; z_index=&#8221;0&#8243; medium_width=&#8221;0&#8243; mobile_width=&#8221;0&#8243; width=&#8221;1\/3&#8243; uncode_shortcode_id=&#8221;208059&#8243; back_color_type=&#8221;uncode-palette&#8221; link_to=&#8221;url:http%3A%2F%2Fserioloop.serioplast.com%2Fpeople%2F|title:People&#8221;][vc_single_image media=&#8221;45&#8243; media_width_percent=&#8221;77&#8243; alignment=&#8221;center&#8221; css_animation=&#8221;zoom-in&#8221; animation_delay=&#8221;400&#8243; uncode_shortcode_id=&#8221;167154&#8243;][vc_custom_heading text_color=&#8221;accent&#8221; text_size=&#8221;h4&#8243; uncode_shortcode_id=&#8221;152651&#8243; text_color_type=&#8221;uncode-palette&#8221;]Persone[\/vc_custom_heading][\/vc_column_inner][\/vc_row_inner][vc_empty_space][\/vc_column][\/vc_row]<\/p>\n<\/div>","protected":false},"excerpt":{"rendered":"<p>[vc_row row_height_percent=&#8221;0&#8243; back_color=&#8221;color-401655&#8243; overlay_alpha=&#8221;50&#8243; gutter_size=&#8221;4&#8243; column_width_percent=&#8221;100&#8243; shift_y=&#8221;0&#8243; z_index=&#8221;0&#8243; content_parallax=&#8221;0&#8243; el_class=&#8221;inverted-device-order&#8221; uncode_shortcode_id=&#8221;204756&#8243; back_color_type=&#8221;uncode-palette&#8221;][vc_column column_width_percent=&#8221;100&#8243; position_horizontal=&#8221;left&#8221; position_vertical=&#8221;middle&#8221; gutter_size=&#8221;3&#8243; style=&#8221;dark&#8221; overlay_alpha=&#8221;50&#8243; shift_x=&#8221;0&#8243; shift_y=&#8221;0&#8243; [&hellip;]<\/p>\n","protected":false},"author":1,"featured_media":0,"parent":0,"menu_order":0,"comment_status":"closed","ping_status":"closed","template":"","meta":{"footnotes":""},"class_list":["post-824","page","type-page","status-publish","hentry"],"_links":{"self":[{"href":"https:\/\/serioloop.serioplast.com\/it\/wp-json\/wp\/v2\/pages\/824","targetHints":{"allow":["GET"]}}],"collection":[{"href":"https:\/\/serioloop.serioplast.com\/it\/wp-json\/wp\/v2\/pages"}],"about":[{"href":"https:\/\/serioloop.serioplast.com\/it\/wp-json\/wp\/v2\/types\/page"}],"author":[{"embeddable":true,"href":"https:\/\/serioloop.serioplast.com\/it\/wp-json\/wp\/v2\/users\/1"}],"replies":[{"embeddable":true,"href":"https:\/\/serioloop.serioplast.com\/it\/wp-json\/wp\/v2\/comments?post=824"}],"version-history":[{"count":1,"href":"https:\/\/serioloop.serioplast.com\/it\/wp-json\/wp\/v2\/pages\/824\/revisions"}],"predecessor-version":[{"id":825,"href":"https:\/\/serioloop.serioplast.com\/it\/wp-json\/wp\/v2\/pages\/824\/revisions\/825"}],"wp:attachment":[{"href":"https:\/\/serioloop.serioplast.com\/it\/wp-json\/wp\/v2\/media?parent=824"}],"curies":[{"name":"wp","href":"https:\/\/api.w.org\/{rel}","templated":true}]}}