{"id":826,"date":"2024-10-25T08:22:21","date_gmt":"2024-10-25T06:22:21","guid":{"rendered":"https:\/\/serioloop.serioplast.com\/recyclass-2\/"},"modified":"2024-10-29T16:05:12","modified_gmt":"2024-10-29T15:05:12","slug":"recyclass-2","status":"publish","type":"page","link":"https:\/\/serioloop.serioplast.com\/it\/recyclass-2\/","title":{"rendered":"RecyClass"},"content":{"rendered":"<div class=\"wpb-content-wrapper\"><p>[vc_row unlock_row_content=&#8221;yes&#8221; row_height_percent=&#8221;0&#8243; override_padding=&#8221;yes&#8221; h_padding=&#8221;0&#8243; top_padding=&#8221;0&#8243; bottom_padding=&#8221;0&#8243; overlay_alpha=&#8221;50&#8243; equal_height=&#8221;yes&#8221; gutter_size=&#8221;0&#8243; column_width_percent=&#8221;100&#8243; shift_y=&#8221;0&#8243; z_index=&#8221;0&#8243;][vc_column column_width_use_pixel=&#8221;yes&#8221; gutter_size=&#8221;3&#8243; override_padding=&#8221;yes&#8221; column_padding=&#8221;5&#8243; style=&#8221;dark&#8221; back_color=&#8221;color-639963&#8243; overlay_alpha=&#8221;50&#8243; shift_x=&#8221;0&#8243; shift_y=&#8221;0&#8243; shift_y_down=&#8221;0&#8243; z_index=&#8221;0&#8243; medium_width=&#8221;0&#8243; mobile_width=&#8221;0&#8243; width=&#8221;1\/2&#8243; column_width_pixel=&#8221;528&#8243; uncode_shortcode_id=&#8221;191118&#8243; back_color_type=&#8221;uncode-palette&#8221;][vc_custom_heading text_color=&#8221;color-401655&#8243; text_size=&#8221;h1&#8243; uncode_shortcode_id=&#8221;274871&#8243; text_color_type=&#8221;uncode-palette&#8221;]La certificazione RecyClass e la partnership[\/vc_custom_heading][vc_column_text text_lead=&#8221;yes&#8221; text_color=&#8221;color-401655&#8243; uncode_shortcode_id=&#8221;519102&#8243; text_color_type=&#8221;uncode-palette&#8221;]L&#8217;Associazione <span style=\"color: #ffffff;\"><a style=\"color: #ffffff;\" href=\"https:\/\/recyclass.eu\/\" target=\"_blank\" rel=\"noopener\">Associazione RecyClass<\/a><\/span> \u00e8 un&#8217;organizzazione no-profit dedicata alla promozione della riciclabilit\u00e0 dei materiali di imballaggio in plastica in Europa.[\/vc_column_text][vc_empty_space empty_h=&#8221;1&#8243;][\/vc_column][vc_column column_width_percent=&#8221;100&#8243; gutter_size=&#8221;3&#8243; back_image=&#8221;106&#8243; overlay_alpha=&#8221;50&#8243; shift_x=&#8221;0&#8243; shift_y=&#8221;0&#8243; shift_y_down=&#8221;0&#8243; z_index=&#8221;0&#8243; medium_width=&#8221;0&#8243; mobile_width=&#8221;0&#8243; width=&#8221;1\/2&#8243; mobile_height=&#8221;340&#8243; uncode_shortcode_id=&#8221;797081&#8243;][\/vc_column][\/vc_row][vc_row][vc_column column_width_percent=&#8221;70&#8243; gutter_size=&#8221;3&#8243; overlay_alpha=&#8221;50&#8243; shift_x=&#8221;0&#8243; shift_y=&#8221;0&#8243; shift_y_down=&#8221;0&#8243; z_index=&#8221;0&#8243; medium_width=&#8221;0&#8243; mobile_width=&#8221;0&#8243; width=&#8221;1\/1&#8243; uncode_shortcode_id=&#8221;483136&#8243;][vc_custom_heading text_color=&#8221;color-155372&#8243; heading_semantic=&#8221;h3&#8243; text_size=&#8221;h1&#8243; uncode_shortcode_id=&#8221;201042&#8243; text_color_type=&#8221;uncode-palette&#8221;]Certificazione[\/vc_custom_heading][vc_column_text uncode_shortcode_id=&#8221;102446&#8243;]La certificazione RecyClass \u00e8 uno schema volontario che mira a promuovere la riciclabilit\u00e0 dei materiali di imballaggio in plastica. Fornisce una metodologia standardizzata per valutare la riciclabilit\u00e0 degli imballaggi in plastica e assegna una certificazione ai prodotti che soddisfano criteri specifici.   <\/p>\n<p>Nel 2024 inizia la collaborazione tra Serioplast, Centro Plastica e RecyClass. Nel luglio 2024 l&#8217;impianto di riciclo Centro Plastica ha ottenuto la certificazione Recyclass. Gli obiettivi futuri riguardano il rafforzamento della collaborazione tra il Gruppo Serioplast e Recyclass e l&#8217;ampliamento del numero di impianti certificati da Recyclass.[\/vc_column_text][\/vc_column][\/vc_row]<\/p>\n<\/div>","protected":false},"excerpt":{"rendered":"<p>[vc_row unlock_row_content=&#8221;yes&#8221; row_height_percent=&#8221;0&#8243; override_padding=&#8221;yes&#8221; h_padding=&#8221;0&#8243; top_padding=&#8221;0&#8243; bottom_padding=&#8221;0&#8243; overlay_alpha=&#8221;50&#8243; equal_height=&#8221;yes&#8221; gutter_size=&#8221;0&#8243; column_width_percent=&#8221;100&#8243; shift_y=&#8221;0&#8243; z_index=&#8221;0&#8243;][vc_column column_width_use_pixel=&#8221;yes&#8221; gutter_size=&#8221;3&#8243; override_padding=&#8221;yes&#8221; column_padding=&#8221;5&#8243; style=&#8221;dark&#8221; back_color=&#8221;color-639963&#8243; overlay_alpha=&#8221;50&#8243; [&hellip;]<\/p>\n","protected":false},"author":1,"featured_media":0,"parent":0,"menu_order":0,"comment_status":"closed","ping_status":"closed","template":"","meta":{"footnotes":""},"class_list":["post-826","page","type-page","status-publish","hentry"],"_links":{"self":[{"href":"https:\/\/serioloop.serioplast.com\/it\/wp-json\/wp\/v2\/pages\/826","targetHints":{"allow":["GET"]}}],"collection":[{"href":"https:\/\/serioloop.serioplast.com\/it\/wp-json\/wp\/v2\/pages"}],"about":[{"href":"https:\/\/serioloop.serioplast.com\/it\/wp-json\/wp\/v2\/types\/page"}],"author":[{"embeddable":true,"href":"https:\/\/serioloop.serioplast.com\/it\/wp-json\/wp\/v2\/users\/1"}],"replies":[{"embeddable":true,"href":"https:\/\/serioloop.serioplast.com\/it\/wp-json\/wp\/v2\/comments?post=826"}],"version-history":[{"count":1,"href":"https:\/\/serioloop.serioplast.com\/it\/wp-json\/wp\/v2\/pages\/826\/revisions"}],"predecessor-version":[{"id":827,"href":"https:\/\/serioloop.serioplast.com\/it\/wp-json\/wp\/v2\/pages\/826\/revisions\/827"}],"wp:attachment":[{"href":"https:\/\/serioloop.serioplast.com\/it\/wp-json\/wp\/v2\/media?parent=826"}],"curies":[{"name":"wp","href":"https:\/\/api.w.org\/{rel}","templated":true}]}}